{"id":2209,"date":"2022-11-23T13:30:57","date_gmt":"2022-11-23T13:30:57","guid":{"rendered":"https:\/\/poderesantelena.com\/terms-and-conditions\/"},"modified":"2026-03-03T15:47:01","modified_gmt":"2026-03-03T15:47:01","slug":"condizioni-e-regolamento","status":"publish","type":"page","link":"https:\/\/poderesantelena.com\/it\/condizioni-e-regolamento\/","title":{"rendered":"Condizioni"},"content":{"rendered":"\t\t<div data-elementor-type=\"wp-page\" data-elementor-id=\"2209\" class=\"elementor elementor-2209 elementor-1709\" data-elementor-settings=\"[]\">\n\t\t\t\t\t\t\t<div class=\"elementor-section-wrap\">\n\t\t\t\t\t\t\t<section class=\"elementor-section elementor-top-section elementor-element elementor-element-f52c305 elementor-section-height-min-height elementor-section-boxed elementor-section-height-default elementor-section-items-middle\" data-id=\"f52c305\" data-element_type=\"section\" data-settings=\"{&quot;background_background&quot;:&quot;classic&quot;}\">\n\t\t\t\t\t\t\t<div class=\"elementor-background-overlay\"><\/div>\n\t\t\t\t\t\t\t<div class=\"elementor-container elementor-column-gap-default\">\n\t\t\t\t\t<div class=\"elementor-column elementor-col-100 elementor-top-column elementor-element elementor-element-e346b0f\" data-id=\"e346b0f\" data-element_type=\"column\">\n\t\t\t<div class=\"elementor-widget-wrap elementor-element-populated\">\n\t\t\t\t\t\t\t\t<div class=\"elementor-element elementor-element-c5ebc32 elementor-widget elementor-widget-heading\" data-id=\"c5ebc32\" data-element_type=\"widget\" data-widget_type=\"heading.default\">\n\t\t\t\t<div class=\"elementor-widget-container\">\n\t\t\t<style>\/*! elementor - v3.5.5 - 03-02-2022 *\/\n.elementor-heading-title{padding:0;margin:0;line-height:1}.elementor-widget-heading .elementor-heading-title[class*=elementor-size-]>a{color:inherit;font-size:inherit;line-height:inherit}.elementor-widget-heading .elementor-heading-title.elementor-size-small{font-size:15px}.elementor-widget-heading .elementor-heading-title.elementor-size-medium{font-size:19px}.elementor-widget-heading .elementor-heading-title.elementor-size-large{font-size:29px}.elementor-widget-heading .elementor-heading-title.elementor-size-xl{font-size:39px}.elementor-widget-heading .elementor-heading-title.elementor-size-xxl{font-size:59px}<\/style><h2 class=\"elementor-heading-title elementor-size-default\">Condizioni<\/h2>\t\t<\/div>\n\t\t\t\t<\/div>\n\t\t\t\t\t<\/div>\n\t\t<\/div>\n\t\t\t\t\t\t\t<\/div>\n\t\t<\/section>\n\t\t\t\t<section class=\"elementor-section elementor-top-section elementor-element elementor-element-4af8da4 elementor-section-boxed elementor-section-height-default elementor-section-height-default\" data-id=\"4af8da4\" data-element_type=\"section\">\n\t\t\t\t\t\t<div class=\"elementor-container elementor-column-gap-default\">\n\t\t\t\t\t<div class=\"elementor-column elementor-col-100 elementor-top-column elementor-element elementor-element-ee50bb4\" data-id=\"ee50bb4\" data-element_type=\"column\">\n\t\t\t<div class=\"elementor-widget-wrap elementor-element-populated\">\n\t\t\t\t\t\t\t\t<div class=\"elementor-element elementor-element-ffa8a94 elementor-widget elementor-widget-heading\" data-id=\"ffa8a94\" data-element_type=\"widget\" data-widget_type=\"heading.default\">\n\t\t\t\t<div class=\"elementor-widget-container\">\n\t\t\t<h2 class=\"elementor-heading-title elementor-size-default\">Condizioni e regolamento per soggiornare al B&B Sant\u2019Elena<\/h2>\t\t<\/div>\n\t\t\t\t<\/div>\n\t\t\t\t<div class=\"elementor-element elementor-element-ca71917 elementor-widget elementor-widget-text-editor\" data-id=\"ca71917\" data-element_type=\"widget\" data-widget_type=\"text-editor.default\">\n\t\t\t\t<div class=\"elementor-widget-container\">\n\t\t\t<style>\/*! elementor - v3.5.5 - 03-02-2022 *\/\n.elementor-widget-text-editor.elementor-drop-cap-view-stacked .elementor-drop-cap{background-color:#818a91;color:#fff}.elementor-widget-text-editor.elementor-drop-cap-view-framed .elementor-drop-cap{color:#818a91;border:3px solid;background-color:transparent}.elementor-widget-text-editor:not(.elementor-drop-cap-view-default) .elementor-drop-cap{margin-top:8px}.elementor-widget-text-editor:not(.elementor-drop-cap-view-default) .elementor-drop-cap-letter{width:1em;height:1em}.elementor-widget-text-editor .elementor-drop-cap{float:left;text-align:center;line-height:1;font-size:50px}.elementor-widget-text-editor .elementor-drop-cap-letter{display:inline-block}<\/style>\t\t\t\t<div><div><div><h4>ORARI<\/h4><ul><li><strong>Orario Reception<\/strong>: 8:30\/10:30 \u2013 16:00\/19:00<\/li><li><strong>Check-in<\/strong>\u00a0dalle ore 16:00-19:30 (per arrivi oltre le 19:30 e fino alle 22,30 supplemento di \u20ac 50,00. Oltre tale orario la struttura non riceve)<\/li><li><strong>Check-out<\/strong>\u00a0entro le ore 10:00<\/li><li><strong>Orario Colazione<\/strong>: 8:30\/10:00<\/li><li><strong>Orario Piscina<\/strong>: 9:00\/19:00. L\u2019utilizzo fuori da tali orari \u00e8 severamente vietato a causa delle operazioni di pulizia. La piscina \u00e8 usufruibile a partire dal 1 maggio al 30 settembre.<\/li><li><strong>Riscaldamento<\/strong>\u00a0\u00e8 centralizzato ed \u00e8 disponibile dal 1 Novembre fino al 25 Aprile in conformit\u00e0 alle leggi comunali in materia.<\/li><li><strong>Aria condizionata<\/strong>\u00a0Il servizio di aria condizionata \u00e8 disponibile dal 6 Giugno al 5 Settembre in conformit\u00e0 alle leggi comunali in materia.<\/li><li><strong>Parcheggio privato<\/strong>\u00a0a disposizione di tutti gli ospiti.\u00a0La direzione declina ogni responsabilit\u00e0 per eventuali danno ai veicoli o al loro contenuto.<\/li><li><b>E richiesto un deposito cauzionale<\/b> di EUR 100 all&#8217;arrivo. Dovrai pagarlo con la carta di credito.<\/li><li>Dovresti ricevere il<b> rimborso entro 7 giorni dal check-out<\/b>. Il deposito ti sar\u00e0 rimborsato per intero sulla carta di credito dopo una verifica dello stato dell&#8217;alloggio.<\/li><li><strong>Animali<\/strong>: Sono ammessi solo cani.<\/li><\/ul><h4>CONDIZIONI PER LA PRENOTAZIONE<\/h4><ul><li>La camera si riterr\u00e0 definitivamente prenotata successivamente al versamento dell\u2019acconto o al conferimento dei dati della carta di credito a titolo di garanzia.<\/li><li>In caso di versamento di acconto\/caparra confirmatoria, questa dovr\u00e0 essere pari al 30% dell\u2019importo totale del soggiorno.<\/li><li>In caso di comunicazione dei dati della vostra carta di credito, nessun addebito sar\u00e0 effettuato, ma questi saranno conservati a titolo di garanzia.<\/li><li>A titolo di conferma sar\u00e0 inviato tramite e-mail o fax un voucher da presentare al momento del check-in presso Podere Sant\u2019Elena.<\/li><li>Il pagamento del saldo dovr\u00e0 essere effettuato al momento del check-out.<\/li><li>Sono accettati contanti in valuta locale, carte di credito e bancomat.<\/li><li>La tassa di soggiorno non \u00e8 inclusa nel costo delle camere. L\u2019importo di Euro 2,50 a persona al giorno dovr\u00e0 essere corrisposto per un massimo di 5 giorni. I bambino sotto i 14 anni sono esenti.<\/li><li>I prezzi includono: pernottamento e colazione (B&amp;B) oppure solo pernottamento. Consumi (riscaldamento, acqua, elettricit\u00e0, gas, aria condizionata) cambio biancheria, servizi, Wi-fi, tasse (IVA 10%).<\/li><li>Animali: Sono ammessi solo cani.<\/li><\/ul><h4>POLITICA DI CANCELLAZIONE<\/h4><p>In caso di cancellazione o modifiche effettuate fino a:<\/p><ul><li>30 giorni prima della data prevista di arrivo non viene addebitato alcun costo.<\/li><li>15 giorni prima della data prevista di arrivo viene addebitato il 30%dell\u2019intero soggiorno.<\/li><li>7 giorni prima della data prevista di arrivo viene addebitato il 50% dell\u2019intero soggiorno.<\/li><li>in caso di cancellazione o modifiche effettuate oltre tale termine o di mancata presentazione viene addebitato l\u2019intero importo del soggiorno.<\/li><\/ul><\/div><\/div><\/div>\t\t\t\t\t\t<\/div>\n\t\t\t\t<\/div>\n\t\t\t\t\t<\/div>\n\t\t<\/div>\n\t\t\t\t\t\t\t<\/div>\n\t\t<\/section>\n\t\t\t\t\t\t<\/div>\n\t\t\t\t\t<\/div>\n\t\t","protected":false},"excerpt":{"rendered":"<p>Condizioni e regolamento per soggiornare al B&#038;B Sant\u2019Elena ORARI Orario Reception: 8:30\/10:30 \u2013 16:00\/19:00 Check-in\u00a0dalle ore 16:00-19:30 (per arrivi oltre le 19:30 e fino alle 22,30 supplemento di \u20ac 50,00. Oltre tale orario la struttura non riceve) Check-out\u00a0entro le ore 10:00 Orario Colazione: 8:30\/10:00 Orario Piscina: 9:00\/19:00. L\u2019utilizzo fuori da tali orari \u00e8 severamente vietato [&hellip;]<\/p>\n","protected":false},"author":1,"featured_media":1964,"parent":0,"menu_order":25,"comment_status":"closed","ping_status":"closed","template":"","meta":{"footnotes":""},"tags":[],"class_list":["post-2209","page","type-page","status-publish","has-post-thumbnail","hentry"],"_links":{"self":[{"href":"https:\/\/poderesantelena.com\/it\/wp-json\/wp\/v2\/pages\/2209","targetHints":{"allow":["GET"]}}],"collection":[{"href":"https:\/\/poderesantelena.com\/it\/wp-json\/wp\/v2\/pages"}],"about":[{"href":"https:\/\/poderesantelena.com\/it\/wp-json\/wp\/v2\/types\/page"}],"author":[{"embeddable":true,"href":"https:\/\/poderesantelena.com\/it\/wp-json\/wp\/v2\/users\/1"}],"replies":[{"embeddable":true,"href":"https:\/\/poderesantelena.com\/it\/wp-json\/wp\/v2\/comments?post=2209"}],"version-history":[{"count":56,"href":"https:\/\/poderesantelena.com\/it\/wp-json\/wp\/v2\/pages\/2209\/revisions"}],"predecessor-version":[{"id":2927,"href":"https:\/\/poderesantelena.com\/it\/wp-json\/wp\/v2\/pages\/2209\/revisions\/2927"}],"wp:featuredmedia":[{"embeddable":true,"href":"https:\/\/poderesantelena.com\/it\/wp-json\/wp\/v2\/media\/1964"}],"wp:attachment":[{"href":"https:\/\/poderesantelena.com\/it\/wp-json\/wp\/v2\/media?parent=2209"}],"wp:term":[{"taxonomy":"post_tag","embeddable":true,"href":"https:\/\/poderesantelena.com\/it\/wp-json\/wp\/v2\/tags?post=2209"}],"curies":[{"name":"wp","href":"https:\/\/api.w.org\/{rel}","templated":true}]}}