{"id":2199,"date":"2022-10-07T13:37:29","date_gmt":"2022-10-07T13:37:29","guid":{"rendered":"https:\/\/poderesantelena.com\/who-we-are\/"},"modified":"2022-12-09T10:18:44","modified_gmt":"2022-12-09T10:18:44","slug":"chi-siamo","status":"publish","type":"page","link":"https:\/\/poderesantelena.com\/it\/chi-siamo\/","title":{"rendered":"Chi Siamo"},"content":{"rendered":"\t\t<div data-elementor-type=\"wp-page\" data-elementor-id=\"2199\" class=\"elementor elementor-2199 elementor-784\" data-elementor-settings=\"[]\">\n\t\t\t\t\t\t\t<div class=\"elementor-section-wrap\">\n\t\t\t\t\t\t\t<section class=\"elementor-section elementor-top-section elementor-element elementor-element-f52c305 elementor-section-height-min-height elementor-section-boxed elementor-section-height-default elementor-section-items-middle\" data-id=\"f52c305\" data-element_type=\"section\" data-settings=\"{&quot;background_background&quot;:&quot;classic&quot;}\">\n\t\t\t\t\t\t\t<div class=\"elementor-background-overlay\"><\/div>\n\t\t\t\t\t\t\t<div class=\"elementor-container elementor-column-gap-default\">\n\t\t\t\t\t<div class=\"elementor-column elementor-col-100 elementor-top-column elementor-element elementor-element-e346b0f\" data-id=\"e346b0f\" data-element_type=\"column\">\n\t\t\t<div class=\"elementor-widget-wrap elementor-element-populated\">\n\t\t\t\t\t\t\t\t<div class=\"elementor-element elementor-element-c5ebc32 elementor-widget elementor-widget-heading\" data-id=\"c5ebc32\" data-element_type=\"widget\" data-widget_type=\"heading.default\">\n\t\t\t\t<div class=\"elementor-widget-container\">\n\t\t\t<style>\/*! elementor - v3.5.5 - 03-02-2022 *\/\n.elementor-heading-title{padding:0;margin:0;line-height:1}.elementor-widget-heading .elementor-heading-title[class*=elementor-size-]>a{color:inherit;font-size:inherit;line-height:inherit}.elementor-widget-heading .elementor-heading-title.elementor-size-small{font-size:15px}.elementor-widget-heading .elementor-heading-title.elementor-size-medium{font-size:19px}.elementor-widget-heading .elementor-heading-title.elementor-size-large{font-size:29px}.elementor-widget-heading .elementor-heading-title.elementor-size-xl{font-size:39px}.elementor-widget-heading .elementor-heading-title.elementor-size-xxl{font-size:59px}<\/style><h2 class=\"elementor-heading-title elementor-size-default\">Chi Siamo<\/h2>\t\t<\/div>\n\t\t\t\t<\/div>\n\t\t\t\t\t<\/div>\n\t\t<\/div>\n\t\t\t\t\t\t\t<\/div>\n\t\t<\/section>\n\t\t\t\t<section class=\"elementor-section elementor-top-section elementor-element elementor-element-4af8da4 elementor-section-boxed elementor-section-height-default elementor-section-height-default\" data-id=\"4af8da4\" data-element_type=\"section\">\n\t\t\t\t\t\t<div class=\"elementor-container elementor-column-gap-default\">\n\t\t\t\t\t<div class=\"elementor-column elementor-col-100 elementor-top-column elementor-element elementor-element-ee50bb4\" data-id=\"ee50bb4\" data-element_type=\"column\">\n\t\t\t<div class=\"elementor-widget-wrap elementor-element-populated\">\n\t\t\t\t\t\t\t\t<div class=\"elementor-element elementor-element-ffa8a94 elementor-widget elementor-widget-heading\" data-id=\"ffa8a94\" data-element_type=\"widget\" data-widget_type=\"heading.default\">\n\t\t\t\t<div class=\"elementor-widget-container\">\n\t\t\t<h2 class=\"elementor-heading-title elementor-size-default\">Barbara e Gianni vi daranno il benvenuto in questo B&B a conduzione familiare<\/h2>\t\t<\/div>\n\t\t\t\t<\/div>\n\t\t\t\t<div class=\"elementor-element elementor-element-ca71917 elementor-widget elementor-widget-text-editor\" data-id=\"ca71917\" data-element_type=\"widget\" data-widget_type=\"text-editor.default\">\n\t\t\t\t<div class=\"elementor-widget-container\">\n\t\t\t<style>\/*! elementor - v3.5.5 - 03-02-2022 *\/\n.elementor-widget-text-editor.elementor-drop-cap-view-stacked .elementor-drop-cap{background-color:#818a91;color:#fff}.elementor-widget-text-editor.elementor-drop-cap-view-framed .elementor-drop-cap{color:#818a91;border:3px solid;background-color:transparent}.elementor-widget-text-editor:not(.elementor-drop-cap-view-default) .elementor-drop-cap{margin-top:8px}.elementor-widget-text-editor:not(.elementor-drop-cap-view-default) .elementor-drop-cap-letter{width:1em;height:1em}.elementor-widget-text-editor .elementor-drop-cap{float:left;text-align:center;line-height:1;font-size:50px}.elementor-widget-text-editor .elementor-drop-cap-letter{display:inline-block}<\/style>\t\t\t\t<p>Qui potrete vivere una vacanza piacevole e rigenerante in un ambiente semplice, curato e in armonia con la natura.<br \/>Barbara si prender\u00e0 cura di voi fin dal vostro arrivo, sempre disponibile a offrire suggerimenti per visite, ristoranti, eventi e curiosit\u00e0 in zona. Gianni invece vi dar\u00e0 il buongiorno ogni mattina deliziando il vostro palato con tante squisitezze dolci e salate provenienti dalla sua pasticceria nel centro di San Gimignano.<\/p><p>Nei paraggi potreste trovare anche i nonni Ottavino e Marisa felici di dare una mano nell\u2019orto di famiglia, sempre pieno di primizie, e nella cura del giardino. Se siete fortunati Ottavino potrebbe anche raccontarvi la storia degli antichi carri di Sant\u2019Elena che, dopo aver solcato per oltre un secolo i campi circostanti, hanno trovato meritato riposo nel giardino dopo un accurato restauro.<\/p>\t\t\t\t\t\t<\/div>\n\t\t\t\t<\/div>\n\t\t\t\t\t<\/div>\n\t\t<\/div>\n\t\t\t\t\t\t\t<\/div>\n\t\t<\/section>\n\t\t\t\t\t\t<\/div>\n\t\t\t\t\t<\/div>\n\t\t","protected":false},"excerpt":{"rendered":"<p>Barbara e Gianni vi daranno il benvenuto in questo B&#038;B a conduzione familiare Qui potrete vivere una vacanza piacevole e rigenerante in un ambiente semplice, curato e in armonia con la natura.Barbara si prender\u00e0 cura di voi fin dal vostro arrivo, sempre disponibile a offrire suggerimenti per visite, ristoranti, eventi e curiosit\u00e0 in zona. Gianni [&hellip;]<\/p>\n","protected":false},"author":1,"featured_media":1946,"parent":0,"menu_order":10,"comment_status":"closed","ping_status":"closed","template":"","meta":{"footnotes":""},"tags":[],"class_list":["post-2199","page","type-page","status-publish","has-post-thumbnail","hentry"],"_links":{"self":[{"href":"https:\/\/poderesantelena.com\/it\/wp-json\/wp\/v2\/pages\/2199","targetHints":{"allow":["GET"]}}],"collection":[{"href":"https:\/\/poderesantelena.com\/it\/wp-json\/wp\/v2\/pages"}],"about":[{"href":"https:\/\/poderesantelena.com\/it\/wp-json\/wp\/v2\/types\/page"}],"author":[{"embeddable":true,"href":"https:\/\/poderesantelena.com\/it\/wp-json\/wp\/v2\/users\/1"}],"replies":[{"embeddable":true,"href":"https:\/\/poderesantelena.com\/it\/wp-json\/wp\/v2\/comments?post=2199"}],"version-history":[{"count":10,"href":"https:\/\/poderesantelena.com\/it\/wp-json\/wp\/v2\/pages\/2199\/revisions"}],"predecessor-version":[{"id":2536,"href":"https:\/\/poderesantelena.com\/it\/wp-json\/wp\/v2\/pages\/2199\/revisions\/2536"}],"wp:featuredmedia":[{"embeddable":true,"href":"https:\/\/poderesantelena.com\/it\/wp-json\/wp\/v2\/media\/1946"}],"wp:attachment":[{"href":"https:\/\/poderesantelena.com\/it\/wp-json\/wp\/v2\/media?parent=2199"}],"wp:term":[{"taxonomy":"post_tag","embeddable":true,"href":"https:\/\/poderesantelena.com\/it\/wp-json\/wp\/v2\/tags?post=2199"}],"curies":[{"name":"wp","href":"https:\/\/api.w.org\/{rel}","templated":true}]}}