{"id":2208,"date":"2022-11-23T13:30:57","date_gmt":"2022-11-23T13:30:57","guid":{"rendered":"https:\/\/poderesantelena.com\/terms-and-conditions\/"},"modified":"2026-03-03T15:44:32","modified_gmt":"2026-03-03T15:44:32","slug":"bedigungen-und-vorchriften","status":"publish","type":"page","link":"https:\/\/poderesantelena.com\/de\/bedigungen-und-vorchriften\/","title":{"rendered":"Bedigungen und Vorchriften"},"content":{"rendered":"\t\t<div data-elementor-type=\"wp-page\" data-elementor-id=\"2208\" class=\"elementor elementor-2208 elementor-1709\" data-elementor-settings=\"[]\">\n\t\t\t\t\t\t\t<div class=\"elementor-section-wrap\">\n\t\t\t\t\t\t\t<section class=\"elementor-section elementor-top-section elementor-element elementor-element-f52c305 elementor-section-height-min-height elementor-section-boxed elementor-section-height-default elementor-section-items-middle\" data-id=\"f52c305\" data-element_type=\"section\" data-settings=\"{&quot;background_background&quot;:&quot;classic&quot;}\">\n\t\t\t\t\t\t\t<div class=\"elementor-background-overlay\"><\/div>\n\t\t\t\t\t\t\t<div class=\"elementor-container elementor-column-gap-default\">\n\t\t\t\t\t<div class=\"elementor-column elementor-col-100 elementor-top-column elementor-element elementor-element-e346b0f\" data-id=\"e346b0f\" data-element_type=\"column\">\n\t\t\t<div class=\"elementor-widget-wrap elementor-element-populated\">\n\t\t\t\t\t\t\t\t<div class=\"elementor-element elementor-element-c5ebc32 elementor-widget elementor-widget-heading\" data-id=\"c5ebc32\" data-element_type=\"widget\" data-widget_type=\"heading.default\">\n\t\t\t\t<div class=\"elementor-widget-container\">\n\t\t\t<style>\/*! elementor - v3.5.5 - 03-02-2022 *\/\n.elementor-heading-title{padding:0;margin:0;line-height:1}.elementor-widget-heading .elementor-heading-title[class*=elementor-size-]>a{color:inherit;font-size:inherit;line-height:inherit}.elementor-widget-heading .elementor-heading-title.elementor-size-small{font-size:15px}.elementor-widget-heading .elementor-heading-title.elementor-size-medium{font-size:19px}.elementor-widget-heading .elementor-heading-title.elementor-size-large{font-size:29px}.elementor-widget-heading .elementor-heading-title.elementor-size-xl{font-size:39px}.elementor-widget-heading .elementor-heading-title.elementor-size-xxl{font-size:59px}<\/style><h2 class=\"elementor-heading-title elementor-size-default\">Bedigungen und Vorchriften<\/h2>\t\t<\/div>\n\t\t\t\t<\/div>\n\t\t\t\t\t<\/div>\n\t\t<\/div>\n\t\t\t\t\t\t\t<\/div>\n\t\t<\/section>\n\t\t\t\t<section class=\"elementor-section elementor-top-section elementor-element elementor-element-4af8da4 elementor-section-boxed elementor-section-height-default elementor-section-height-default\" data-id=\"4af8da4\" data-element_type=\"section\">\n\t\t\t\t\t\t<div class=\"elementor-container elementor-column-gap-default\">\n\t\t\t\t\t<div class=\"elementor-column elementor-col-100 elementor-top-column elementor-element elementor-element-ee50bb4\" data-id=\"ee50bb4\" data-element_type=\"column\">\n\t\t\t<div class=\"elementor-widget-wrap elementor-element-populated\">\n\t\t\t\t\t\t\t\t<div class=\"elementor-element elementor-element-ffa8a94 elementor-widget elementor-widget-heading\" data-id=\"ffa8a94\" data-element_type=\"widget\" data-widget_type=\"heading.default\">\n\t\t\t\t<div class=\"elementor-widget-container\">\n\t\t\t<h2 class=\"elementor-heading-title elementor-size-default\">Bedigungen und Vorchriften von B&B Sant'Elena<\/h2>\t\t<\/div>\n\t\t\t\t<\/div>\n\t\t\t\t<div class=\"elementor-element elementor-element-ca71917 elementor-widget elementor-widget-text-editor\" data-id=\"ca71917\" data-element_type=\"widget\" data-widget_type=\"text-editor.default\">\n\t\t\t\t<div class=\"elementor-widget-container\">\n\t\t\t<style>\/*! elementor - v3.5.5 - 03-02-2022 *\/\n.elementor-widget-text-editor.elementor-drop-cap-view-stacked .elementor-drop-cap{background-color:#818a91;color:#fff}.elementor-widget-text-editor.elementor-drop-cap-view-framed .elementor-drop-cap{color:#818a91;border:3px solid;background-color:transparent}.elementor-widget-text-editor:not(.elementor-drop-cap-view-default) .elementor-drop-cap{margin-top:8px}.elementor-widget-text-editor:not(.elementor-drop-cap-view-default) .elementor-drop-cap-letter{width:1em;height:1em}.elementor-widget-text-editor .elementor-drop-cap{float:left;text-align:center;line-height:1;font-size:50px}.elementor-widget-text-editor .elementor-drop-cap-letter{display:inline-block}<\/style>\t\t\t\t<h2>\u00d6FFNUNGZEIT<\/h2><div><ul><li>RECEPTION= 8:30\/10:30 \u2013 16:00\/19 :30. F\u00fcr Ank\u00fcnfte zwischen 19.30 Uhr und 22.30 Uhr wird ein Zuschlag von 50,00 \u20ac erhoben. Nach diesen Stunden das B&amp;B nicht erhalten.<\/li><li>CHECK-IN= 16:00\/19 :30\u00a0(F\u00fcr Ank\u00fcnfte au\u00dferhalb der Check-in-Zeiten k\u00f6nnen zus\u00e4tzliche Geb\u00fchren anfallen)<\/li><li>CHECK-OUT BIS 10 UHR<\/li><li>FR\u00dcHSTUCK = 8:30\/10:00<\/li><li>SCHWIMMBAD= 9:00\/19:00 der Zugang au\u00dferhalb dieser Zeiten ist wegen der Reinigung nicht erlaubt.\u00a0Das Schwimmbad ist vom 1. Mai bis 30. September verf\u00fcgbar.<\/li><li>ZENTRAL HEITZUNG= von 1\/11 bis 25\/04 nach den Gemeindeordnungen<\/li><li>KLIMAANLAGE= verf\u00fcgbar von 6\/06 bis 5\/09 gem\u00e4\u00df den Gemeindeordnungen<\/li><li>PRIVAT PARKPLATZ= ist f\u00fcr alle G\u00e4sten verf\u00fcgbar. Die Direktion lehnt jede Verantwortung f\u00fcr Diebstahl oder Schaden an den Fahrzeugen durch Dritte ab.<\/li><li>Die Kurtaxe ist nicht im Zimmerpreis enthalten. Der Betrag von 2,50 Euro pro Person und Tag ist f\u00fcr maximal 5 Tage zu entrichten. Kinder unter 14 Jahren sind davon befreit.<\/li><li>Bei der Ankunft ist eine Kaution von 100 EUR zu hinterlegen. Sie m\u00fcssen diese per Kreditkarte bezahlen.<\/li><li>Sie sollten Ihre R\u00fcckerstattung innerhalb von 7 Tagen nach dem Check-out erhalten. Die Kaution wird Ihnen nach einer \u00dcberpr\u00fcfung des Zustands der Unterkunft vollst\u00e4ndig auf Ihre Kreditkarte zur\u00fcckerstattet.<\/li><li>Haustiere: Auf dem Gel\u00e4nde sind nur Hunde erlaubt.<\/li><\/ul><\/div>\t\t\t\t\t\t<\/div>\n\t\t\t\t<\/div>\n\t\t\t\t\t<\/div>\n\t\t<\/div>\n\t\t\t\t\t\t\t<\/div>\n\t\t<\/section>\n\t\t\t\t\t\t<\/div>\n\t\t\t\t\t<\/div>\n\t\t","protected":false},"excerpt":{"rendered":"<p>Bedigungen und Vorchriften von B&#038;B Sant&#8217;Elena \u00d6FFNUNGZEIT RECEPTION= 8:30\/10:30 \u2013 16:00\/19 :30. F\u00fcr Ank\u00fcnfte zwischen 19.30 Uhr und 22.30 Uhr wird ein Zuschlag von 50,00 \u20ac erhoben. Nach diesen Stunden das B&amp;B nicht erhalten. CHECK-IN= 16:00\/19 :30\u00a0(F\u00fcr Ank\u00fcnfte au\u00dferhalb der Check-in-Zeiten k\u00f6nnen zus\u00e4tzliche Geb\u00fchren anfallen) CHECK-OUT BIS 10 UHR FR\u00dcHSTUCK = 8:30\/10:00 SCHWIMMBAD= 9:00\/19:00 der [&hellip;]<\/p>\n","protected":false},"author":1,"featured_media":1963,"parent":0,"menu_order":25,"comment_status":"closed","ping_status":"closed","template":"","meta":{"footnotes":""},"tags":[],"class_list":["post-2208","page","type-page","status-publish","has-post-thumbnail","hentry"],"_links":{"self":[{"href":"https:\/\/poderesantelena.com\/de\/wp-json\/wp\/v2\/pages\/2208","targetHints":{"allow":["GET"]}}],"collection":[{"href":"https:\/\/poderesantelena.com\/de\/wp-json\/wp\/v2\/pages"}],"about":[{"href":"https:\/\/poderesantelena.com\/de\/wp-json\/wp\/v2\/types\/page"}],"author":[{"embeddable":true,"href":"https:\/\/poderesantelena.com\/de\/wp-json\/wp\/v2\/users\/1"}],"replies":[{"embeddable":true,"href":"https:\/\/poderesantelena.com\/de\/wp-json\/wp\/v2\/comments?post=2208"}],"version-history":[{"count":32,"href":"https:\/\/poderesantelena.com\/de\/wp-json\/wp\/v2\/pages\/2208\/revisions"}],"predecessor-version":[{"id":2915,"href":"https:\/\/poderesantelena.com\/de\/wp-json\/wp\/v2\/pages\/2208\/revisions\/2915"}],"wp:featuredmedia":[{"embeddable":true,"href":"https:\/\/poderesantelena.com\/de\/wp-json\/wp\/v2\/media\/1963"}],"wp:attachment":[{"href":"https:\/\/poderesantelena.com\/de\/wp-json\/wp\/v2\/media?parent=2208"}],"wp:term":[{"taxonomy":"post_tag","embeddable":true,"href":"https:\/\/poderesantelena.com\/de\/wp-json\/wp\/v2\/tags?post=2208"}],"curies":[{"name":"wp","href":"https:\/\/api.w.org\/{rel}","templated":true}]}}