{"id":2204,"date":"2022-11-18T13:11:01","date_gmt":"2022-11-18T13:11:01","guid":{"rendered":"https:\/\/poderesantelena.com\/faq\/"},"modified":"2023-04-08T12:22:52","modified_gmt":"2023-04-08T12:22:52","slug":"faq","status":"publish","type":"page","link":"https:\/\/poderesantelena.com\/de\/faq\/","title":{"rendered":"Faq"},"content":{"rendered":"\t\t<div data-elementor-type=\"wp-page\" data-elementor-id=\"2204\" class=\"elementor elementor-2204 elementor-1490\" data-elementor-settings=\"[]\">\n\t\t\t\t\t\t\t<div class=\"elementor-section-wrap\">\n\t\t\t\t\t\t\t<section class=\"elementor-section elementor-top-section elementor-element elementor-element-f52c305 elementor-section-height-min-height elementor-section-boxed elementor-section-height-default elementor-section-items-middle\" data-id=\"f52c305\" data-element_type=\"section\" data-settings=\"{&quot;background_background&quot;:&quot;classic&quot;}\">\n\t\t\t\t\t\t\t<div class=\"elementor-background-overlay\"><\/div>\n\t\t\t\t\t\t\t<div class=\"elementor-container elementor-column-gap-default\">\n\t\t\t\t\t<div class=\"elementor-column elementor-col-100 elementor-top-column elementor-element elementor-element-e346b0f\" data-id=\"e346b0f\" data-element_type=\"column\">\n\t\t\t<div class=\"elementor-widget-wrap elementor-element-populated\">\n\t\t\t\t\t\t\t\t<div class=\"elementor-element elementor-element-c5ebc32 elementor-widget elementor-widget-heading\" data-id=\"c5ebc32\" data-element_type=\"widget\" data-widget_type=\"heading.default\">\n\t\t\t\t<div class=\"elementor-widget-container\">\n\t\t\t<style>\/*! elementor - v3.5.5 - 03-02-2022 *\/\n.elementor-heading-title{padding:0;margin:0;line-height:1}.elementor-widget-heading .elementor-heading-title[class*=elementor-size-]>a{color:inherit;font-size:inherit;line-height:inherit}.elementor-widget-heading .elementor-heading-title.elementor-size-small{font-size:15px}.elementor-widget-heading .elementor-heading-title.elementor-size-medium{font-size:19px}.elementor-widget-heading .elementor-heading-title.elementor-size-large{font-size:29px}.elementor-widget-heading .elementor-heading-title.elementor-size-xl{font-size:39px}.elementor-widget-heading .elementor-heading-title.elementor-size-xxl{font-size:59px}<\/style><h2 class=\"elementor-heading-title elementor-size-default\">Faq<\/h2>\t\t<\/div>\n\t\t\t\t<\/div>\n\t\t\t\t\t<\/div>\n\t\t<\/div>\n\t\t\t\t\t\t\t<\/div>\n\t\t<\/section>\n\t\t\t\t<section class=\"elementor-section elementor-top-section elementor-element elementor-element-4ccf408 elementor-section-boxed elementor-section-height-default elementor-section-height-default\" data-id=\"4ccf408\" data-element_type=\"section\">\n\t\t\t\t\t\t<div class=\"elementor-container elementor-column-gap-default\">\n\t\t\t\t\t<div class=\"elementor-column elementor-col-100 elementor-top-column elementor-element elementor-element-981b917\" data-id=\"981b917\" data-element_type=\"column\">\n\t\t\t<div class=\"elementor-widget-wrap elementor-element-populated\">\n\t\t\t\t\t\t\t\t<div class=\"elementor-element elementor-element-ae4587c elementor-widget elementor-widget-elementskit-accordion\" data-id=\"ae4587c\" data-element_type=\"widget\" data-widget_type=\"elementskit-accordion.default\">\n\t\t\t\t<div class=\"elementor-widget-container\">\n\t\t\t<div class=\"ekit-wid-con\" >\n\n        <div class=\"elementskit-accordion curve-shape\" id=\"accordion-69d44e9fc53d5\">\n\n            \n                <div class=\"elementskit-card\">\n                    <div class=\"elementskit-card-header\" id=\"primaryHeading-0-ae4587c\">\n                        <a href=\"#collapse-7f4bfea69d44e9fc53d5\" class=\"ekit-accordion--toggler elementskit-btn-link collapsed\" data-ekit-toggle=\"collapse\" data-target=\"#Collapse-7f4bfea69d44e9fc53d5\" aria-expanded=\"true\" aria-controls=\"Collapse-7f4bfea69d44e9fc53d5\">\n                            \n                            <span class=\"ekit-accordion-title\">Wann kann ich einchecken?<\/span>\n\n                            \n                                <div class=\"ekit_accordion_icon_group\">\n                                    <div class=\"ekit_accordion_normal_icon\">\n                                        <!-- Normal Icon -->\n                                        <i aria-hidden=\"true\" class=\"icon-open icon-right icon icon-down-arrow1\"><\/i>                                    <\/div>\n\n                                    <div class=\"ekit_accordion_active_icon\">\n                                        <!-- Active Icon -->\n                                        <i aria-hidden=\"true\" class=\"icon-closed icon-right icon icon-up-arrow\"><\/i>                                    <\/div>\n\n                                <\/div>\n\n                            \n                                                            <svg version=\"1.1\" class=\"svg-shape\" x=\"0px\" y=\"0px\" viewBox=\"0 0 541 64\" height=\"64\" preserveAspectRatio=\"none\">\n                                    <polygon class=\"path\" points=\"85,55 81,55 51,55 42.5,64 34,55 0,55 0,0 34.4,0 42.5,9.5 50.6,0 81,0 85,0 541,0 541,55 \"\/>\n                                <\/svg>\n                                                    <\/a>\n                    <\/div>\n\n                    <div id=\"Collapse-7f4bfea69d44e9fc53d5\" class=\" show collapse\" aria-labelledby=\"primaryHeading-0-ae4587c\" data-parent=\"#accordion-69d44e9fc53d5\">\n\n                        <div class=\"elementskit-card-body ekit-accordion--content\">\n                            <p>Check-in ist von 16:00-7:30 Uhr. F\u00fcr Ank\u00fcnfte zwischen 19.30 Uhr und 22.30 Uhr wird ein Zuschlag von 50,00 \u20ac erhoben. Nach diesen Stunden das B&amp;B nicht erhalten.<\/p>                        <\/div>\n\n                    <\/div>\n\n                <\/div><!-- .elementskit-card END -->\n\n                \n                <div class=\"elementskit-card\">\n                    <div class=\"elementskit-card-header\" id=\"primaryHeading-1-ae4587c\">\n                        <a href=\"#collapse-a94c8cf69d44e9fc53d5\" class=\"ekit-accordion--toggler elementskit-btn-link collapsed\" data-ekit-toggle=\"collapse\" data-target=\"#Collapse-a94c8cf69d44e9fc53d5\" aria-expanded=\"false\" aria-controls=\"Collapse-a94c8cf69d44e9fc53d5\">\n                            \n                            <span class=\"ekit-accordion-title\">Wann ist die Rezeption ge\u00f6ffnet?<\/span>\n\n                            \n                                <div class=\"ekit_accordion_icon_group\">\n                                    <div class=\"ekit_accordion_normal_icon\">\n                                        <!-- Normal Icon -->\n                                        <i aria-hidden=\"true\" class=\"icon-open icon-right icon icon-down-arrow1\"><\/i>                                    <\/div>\n\n                                    <div class=\"ekit_accordion_active_icon\">\n                                        <!-- Active Icon -->\n                                        <i aria-hidden=\"true\" class=\"icon-closed icon-right icon icon-up-arrow\"><\/i>                                    <\/div>\n\n                                <\/div>\n\n                            \n                                                            <svg version=\"1.1\" class=\"svg-shape\" x=\"0px\" y=\"0px\" viewBox=\"0 0 541 64\" height=\"64\" preserveAspectRatio=\"none\">\n                                    <polygon class=\"path\" points=\"85,55 81,55 51,55 42.5,64 34,55 0,55 0,0 34.4,0 42.5,9.5 50.6,0 81,0 85,0 541,0 541,55 \"\/>\n                                <\/svg>\n                                                    <\/a>\n                    <\/div>\n\n                    <div id=\"Collapse-a94c8cf69d44e9fc53d5\" class=\" collapse\" aria-labelledby=\"primaryHeading-1-ae4587c\" data-parent=\"#accordion-69d44e9fc53d5\">\n\n                        <div class=\"elementskit-card-body ekit-accordion--content\">\n                            <p>Die Rezeption ist t\u00e4glich von 8:30 bis 10:30 Uhr und von 16:00 bis 19:00 Uhr ge\u00f6ffnet.<\/p>                        <\/div>\n\n                    <\/div>\n\n                <\/div><!-- .elementskit-card END -->\n\n                \n                <div class=\"elementskit-card\">\n                    <div class=\"elementskit-card-header\" id=\"primaryHeading-2-ae4587c\">\n                        <a href=\"#collapse-437245269d44e9fc53d5\" class=\"ekit-accordion--toggler elementskit-btn-link collapsed\" data-ekit-toggle=\"collapse\" data-target=\"#Collapse-437245269d44e9fc53d5\" aria-expanded=\"false\" aria-controls=\"Collapse-437245269d44e9fc53d5\">\n                            \n                            <span class=\"ekit-accordion-title\">Ist das Fr\u00fchst\u00fcck im Preis inbegriffen?<\/span>\n\n                            \n                                <div class=\"ekit_accordion_icon_group\">\n                                    <div class=\"ekit_accordion_normal_icon\">\n                                        <!-- Normal Icon -->\n                                        <i aria-hidden=\"true\" class=\"icon-open icon-right icon icon-down-arrow1\"><\/i>                                    <\/div>\n\n                                    <div class=\"ekit_accordion_active_icon\">\n                                        <!-- Active Icon -->\n                                        <i aria-hidden=\"true\" class=\"icon-closed icon-right icon icon-up-arrow\"><\/i>                                    <\/div>\n\n                                <\/div>\n\n                            \n                                                            <svg version=\"1.1\" class=\"svg-shape\" x=\"0px\" y=\"0px\" viewBox=\"0 0 541 64\" height=\"64\" preserveAspectRatio=\"none\">\n                                    <polygon class=\"path\" points=\"85,55 81,55 51,55 42.5,64 34,55 0,55 0,0 34.4,0 42.5,9.5 50.6,0 81,0 85,0 541,0 541,55 \"\/>\n                                <\/svg>\n                                                    <\/a>\n                    <\/div>\n\n                    <div id=\"Collapse-437245269d44e9fc53d5\" class=\" collapse\" aria-labelledby=\"primaryHeading-2-ae4587c\" data-parent=\"#accordion-69d44e9fc53d5\">\n\n                        <div class=\"elementskit-card-body ekit-accordion--content\">\n                            <p>Nein, Ihr Aufenthalt kann mit oder ohne Fr\u00fchst\u00fcck gebucht werden. Wenn Sie sich f\u00fcr den Service entscheiden, werden t\u00e4glich von 8.30 bis 10.00 Uhr viele s\u00fc\u00dfe und herzhafte K\u00f6stlichkeiten serviert.<\/p>                        <\/div>\n\n                    <\/div>\n\n                <\/div><!-- .elementskit-card END -->\n\n                \n                <div class=\"elementskit-card\">\n                    <div class=\"elementskit-card-header\" id=\"primaryHeading-3-ae4587c\">\n                        <a href=\"#collapse-8172fe969d44e9fc53d5\" class=\"ekit-accordion--toggler elementskit-btn-link collapsed\" data-ekit-toggle=\"collapse\" data-target=\"#Collapse-8172fe969d44e9fc53d5\" aria-expanded=\"false\" aria-controls=\"Collapse-8172fe969d44e9fc53d5\">\n                            \n                            <span class=\"ekit-accordion-title\">Um wie viel Uhr wird das Fr\u00fchst\u00fcck serviert?<\/span>\n\n                            \n                                <div class=\"ekit_accordion_icon_group\">\n                                    <div class=\"ekit_accordion_normal_icon\">\n                                        <!-- Normal Icon -->\n                                        <i aria-hidden=\"true\" class=\"icon-open icon-right icon icon-down-arrow1\"><\/i>                                    <\/div>\n\n                                    <div class=\"ekit_accordion_active_icon\">\n                                        <!-- Active Icon -->\n                                        <i aria-hidden=\"true\" class=\"icon-closed icon-right icon icon-up-arrow\"><\/i>                                    <\/div>\n\n                                <\/div>\n\n                            \n                                                            <svg version=\"1.1\" class=\"svg-shape\" x=\"0px\" y=\"0px\" viewBox=\"0 0 541 64\" height=\"64\" preserveAspectRatio=\"none\">\n                                    <polygon class=\"path\" points=\"85,55 81,55 51,55 42.5,64 34,55 0,55 0,0 34.4,0 42.5,9.5 50.6,0 81,0 85,0 541,0 541,55 \"\/>\n                                <\/svg>\n                                                    <\/a>\n                    <\/div>\n\n                    <div id=\"Collapse-8172fe969d44e9fc53d5\" class=\" collapse\" aria-labelledby=\"primaryHeading-3-ae4587c\" data-parent=\"#accordion-69d44e9fc53d5\">\n\n                        <div class=\"elementskit-card-body ekit-accordion--content\">\n                            <p>Das Fr\u00fchst\u00fcck wird jeden Morgen von 8:30-10:00 Uhr im Fr\u00fchst\u00fccksraum oder auf der Dachterrasse serviert.<\/p>                        <\/div>\n\n                    <\/div>\n\n                <\/div><!-- .elementskit-card END -->\n\n                \n                <div class=\"elementskit-card\">\n                    <div class=\"elementskit-card-header\" id=\"primaryHeading-4-ae4587c\">\n                        <a href=\"#collapse-1c325bf69d44e9fc53d5\" class=\"ekit-accordion--toggler elementskit-btn-link collapsed\" data-ekit-toggle=\"collapse\" data-target=\"#Collapse-1c325bf69d44e9fc53d5\" aria-expanded=\"false\" aria-controls=\"Collapse-1c325bf69d44e9fc53d5\">\n                            \n                            <span class=\"ekit-accordion-title\">Wann kann ich den Pool benutzen?<\/span>\n\n                            \n                                <div class=\"ekit_accordion_icon_group\">\n                                    <div class=\"ekit_accordion_normal_icon\">\n                                        <!-- Normal Icon -->\n                                        <i aria-hidden=\"true\" class=\"icon-open icon-right icon icon-down-arrow1\"><\/i>                                    <\/div>\n\n                                    <div class=\"ekit_accordion_active_icon\">\n                                        <!-- Active Icon -->\n                                        <i aria-hidden=\"true\" class=\"icon-closed icon-right icon icon-up-arrow\"><\/i>                                    <\/div>\n\n                                <\/div>\n\n                            \n                                                            <svg version=\"1.1\" class=\"svg-shape\" x=\"0px\" y=\"0px\" viewBox=\"0 0 541 64\" height=\"64\" preserveAspectRatio=\"none\">\n                                    <polygon class=\"path\" points=\"85,55 81,55 51,55 42.5,64 34,55 0,55 0,0 34.4,0 42.5,9.5 50.6,0 81,0 85,0 541,0 541,55 \"\/>\n                                <\/svg>\n                                                    <\/a>\n                    <\/div>\n\n                    <div id=\"Collapse-1c325bf69d44e9fc53d5\" class=\" collapse\" aria-labelledby=\"primaryHeading-4-ae4587c\" data-parent=\"#accordion-69d44e9fc53d5\">\n\n                        <div class=\"elementskit-card-body ekit-accordion--content\">\n                            <p>Das Schwimmbad ist von 9:00 bis 19:00 Uhr ge\u00f6ffnet.<\/p>                        <\/div>\n\n                    <\/div>\n\n                <\/div><!-- .elementskit-card END -->\n\n                        <\/div>\n    <\/div>\t\t<\/div>\n\t\t\t\t<\/div>\n\t\t\t\t\t<\/div>\n\t\t<\/div>\n\t\t\t\t\t\t\t<\/div>\n\t\t<\/section>\n\t\t\t\t\t\t<\/div>\n\t\t\t\t\t<\/div>\n\t\t","protected":false},"excerpt":{"rendered":"<p>Wann kann ich einchecken? Check-in ist von 16:00-7:30 Uhr. F\u00fcr Ank\u00fcnfte zwischen 19.30 Uhr und 22.30 Uhr wird ein Zuschlag von 50,00 \u20ac erhoben. Nach diesen Stunden das B&amp;B nicht erhalten. Wann ist die Rezeption ge\u00f6ffnet? Die Rezeption ist t\u00e4glich von 8:30 bis 10:30 Uhr und von 16:00 bis 19:00 Uhr ge\u00f6ffnet. Ist das Fr\u00fchst\u00fcck [&hellip;]<\/p>\n","protected":false},"author":1,"featured_media":1943,"parent":0,"menu_order":19,"comment_status":"closed","ping_status":"closed","template":"","meta":{"footnotes":""},"tags":[],"class_list":["post-2204","page","type-page","status-publish","has-post-thumbnail","hentry"],"_links":{"self":[{"href":"https:\/\/poderesantelena.com\/de\/wp-json\/wp\/v2\/pages\/2204","targetHints":{"allow":["GET"]}}],"collection":[{"href":"https:\/\/poderesantelena.com\/de\/wp-json\/wp\/v2\/pages"}],"about":[{"href":"https:\/\/poderesantelena.com\/de\/wp-json\/wp\/v2\/types\/page"}],"author":[{"embeddable":true,"href":"https:\/\/poderesantelena.com\/de\/wp-json\/wp\/v2\/users\/1"}],"replies":[{"embeddable":true,"href":"https:\/\/poderesantelena.com\/de\/wp-json\/wp\/v2\/comments?post=2204"}],"version-history":[{"count":16,"href":"https:\/\/poderesantelena.com\/de\/wp-json\/wp\/v2\/pages\/2204\/revisions"}],"predecessor-version":[{"id":2813,"href":"https:\/\/poderesantelena.com\/de\/wp-json\/wp\/v2\/pages\/2204\/revisions\/2813"}],"wp:featuredmedia":[{"embeddable":true,"href":"https:\/\/poderesantelena.com\/de\/wp-json\/wp\/v2\/media\/1943"}],"wp:attachment":[{"href":"https:\/\/poderesantelena.com\/de\/wp-json\/wp\/v2\/media?parent=2204"}],"wp:term":[{"taxonomy":"post_tag","embeddable":true,"href":"https:\/\/poderesantelena.com\/de\/wp-json\/wp\/v2\/tags?post=2204"}],"curies":[{"name":"wp","href":"https:\/\/api.w.org\/{rel}","templated":true}]}}