{"id":2198,"date":"2022-10-07T13:37:29","date_gmt":"2022-10-07T13:37:29","guid":{"rendered":"https:\/\/poderesantelena.com\/who-we-are\/"},"modified":"2022-12-04T23:19:19","modified_gmt":"2022-12-04T23:19:19","slug":"wer-sind-wir","status":"publish","type":"page","link":"https:\/\/poderesantelena.com\/de\/wer-sind-wir\/","title":{"rendered":"Wer sind Wir"},"content":{"rendered":"\t\t<div data-elementor-type=\"wp-page\" data-elementor-id=\"2198\" class=\"elementor elementor-2198 elementor-784\" data-elementor-settings=\"[]\">\n\t\t\t\t\t\t\t<div class=\"elementor-section-wrap\">\n\t\t\t\t\t\t\t<section class=\"elementor-section elementor-top-section elementor-element elementor-element-f52c305 elementor-section-height-min-height elementor-section-boxed elementor-section-height-default elementor-section-items-middle\" data-id=\"f52c305\" data-element_type=\"section\" data-settings=\"{&quot;background_background&quot;:&quot;classic&quot;}\">\n\t\t\t\t\t\t\t<div class=\"elementor-background-overlay\"><\/div>\n\t\t\t\t\t\t\t<div class=\"elementor-container elementor-column-gap-default\">\n\t\t\t\t\t<div class=\"elementor-column elementor-col-100 elementor-top-column elementor-element elementor-element-e346b0f\" data-id=\"e346b0f\" data-element_type=\"column\">\n\t\t\t<div class=\"elementor-widget-wrap elementor-element-populated\">\n\t\t\t\t\t\t\t\t<div class=\"elementor-element elementor-element-c5ebc32 elementor-widget elementor-widget-heading\" data-id=\"c5ebc32\" data-element_type=\"widget\" data-widget_type=\"heading.default\">\n\t\t\t\t<div class=\"elementor-widget-container\">\n\t\t\t<style>\/*! elementor - v3.5.5 - 03-02-2022 *\/\n.elementor-heading-title{padding:0;margin:0;line-height:1}.elementor-widget-heading .elementor-heading-title[class*=elementor-size-]>a{color:inherit;font-size:inherit;line-height:inherit}.elementor-widget-heading .elementor-heading-title.elementor-size-small{font-size:15px}.elementor-widget-heading .elementor-heading-title.elementor-size-medium{font-size:19px}.elementor-widget-heading .elementor-heading-title.elementor-size-large{font-size:29px}.elementor-widget-heading .elementor-heading-title.elementor-size-xl{font-size:39px}.elementor-widget-heading .elementor-heading-title.elementor-size-xxl{font-size:59px}<\/style><h2 class=\"elementor-heading-title elementor-size-default\">Wer sind Wir<\/h2>\t\t<\/div>\n\t\t\t\t<\/div>\n\t\t\t\t\t<\/div>\n\t\t<\/div>\n\t\t\t\t\t\t\t<\/div>\n\t\t<\/section>\n\t\t\t\t<section class=\"elementor-section elementor-top-section elementor-element elementor-element-4af8da4 elementor-section-boxed elementor-section-height-default elementor-section-height-default\" data-id=\"4af8da4\" data-element_type=\"section\">\n\t\t\t\t\t\t<div class=\"elementor-container elementor-column-gap-default\">\n\t\t\t\t\t<div class=\"elementor-column elementor-col-100 elementor-top-column elementor-element elementor-element-ee50bb4\" data-id=\"ee50bb4\" data-element_type=\"column\">\n\t\t\t<div class=\"elementor-widget-wrap elementor-element-populated\">\n\t\t\t\t\t\t\t\t<div class=\"elementor-element elementor-element-ffa8a94 elementor-widget elementor-widget-heading\" data-id=\"ffa8a94\" data-element_type=\"widget\" data-widget_type=\"heading.default\">\n\t\t\t\t<div class=\"elementor-widget-container\">\n\t\t\t<h2 class=\"elementor-heading-title elementor-size-default\">Herzlich willkommen in Familienbetrieb \u201cPodere Sant\u2019Elena\u201d von Barbara und Gianni<\/h2>\t\t<\/div>\n\t\t\t\t<\/div>\n\t\t\t\t<div class=\"elementor-element elementor-element-ca71917 elementor-widget elementor-widget-text-editor\" data-id=\"ca71917\" data-element_type=\"widget\" data-widget_type=\"text-editor.default\">\n\t\t\t\t<div class=\"elementor-widget-container\">\n\t\t\t<style>\/*! elementor - v3.5.5 - 03-02-2022 *\/\n.elementor-widget-text-editor.elementor-drop-cap-view-stacked .elementor-drop-cap{background-color:#818a91;color:#fff}.elementor-widget-text-editor.elementor-drop-cap-view-framed .elementor-drop-cap{color:#818a91;border:3px solid;background-color:transparent}.elementor-widget-text-editor:not(.elementor-drop-cap-view-default) .elementor-drop-cap{margin-top:8px}.elementor-widget-text-editor:not(.elementor-drop-cap-view-default) .elementor-drop-cap-letter{width:1em;height:1em}.elementor-widget-text-editor .elementor-drop-cap{float:left;text-align:center;line-height:1;font-size:50px}.elementor-widget-text-editor .elementor-drop-cap-letter{display:inline-block}<\/style>\t\t\t\t<p>Hier k\u00f6nnen Sie einen angenehmen entspannenden Aufenthalt in einer gem\u00fctlichen Atmosph\u00e4re erleben.<\/p><p>Von Ihrer Ankunft an steht Ihnen Barbara zur Verf\u00fcgung mit Tipps f\u00fcr die Besichtigung von Restaurants, Veranstaltungen und Sehensw\u00fcrdigkeiten unserer Zone. Gianni begr\u00fc\u03b2t Sie jeden Morgen mit den Delikatessen aus seiner Konditorei, die im Zentrum vom San Gimignano liegt.<\/p><p>In der N\u00e4he k\u00f6nnten Sie auch Opa Ottavino und Oma Marisa antreffen, die das Gem\u00fcsebeet und den Garten pflegen. Wenn Sie Gl\u00fcck haben, erz\u00e4hlt Ihnen Ottavino die Geschichte der Ochsenkarren der Heiligen Elena, die, nach einem Jahrhundert Arbeit und einer gr\u00fcndlichen Restaurierung, im Garten steht.<\/p>\t\t\t\t\t\t<\/div>\n\t\t\t\t<\/div>\n\t\t\t\t\t<\/div>\n\t\t<\/div>\n\t\t\t\t\t\t\t<\/div>\n\t\t<\/section>\n\t\t\t\t\t\t<\/div>\n\t\t\t\t\t<\/div>\n\t\t","protected":false},"excerpt":{"rendered":"<p>Herzlich willkommen in Familienbetrieb \u201cPodere Sant\u2019Elena\u201d von Barbara und Gianni Hier k\u00f6nnen Sie einen angenehmen entspannenden Aufenthalt in einer gem\u00fctlichen Atmosph\u00e4re erleben. Von Ihrer Ankunft an steht Ihnen Barbara zur Verf\u00fcgung mit Tipps f\u00fcr die Besichtigung von Restaurants, Veranstaltungen und Sehensw\u00fcrdigkeiten unserer Zone. Gianni begr\u00fc\u03b2t Sie jeden Morgen mit den Delikatessen aus seiner Konditorei, die [&hellip;]<\/p>\n","protected":false},"author":1,"featured_media":1945,"parent":0,"menu_order":10,"comment_status":"closed","ping_status":"closed","template":"","meta":{"footnotes":""},"tags":[],"class_list":["post-2198","page","type-page","status-publish","has-post-thumbnail","hentry"],"_links":{"self":[{"href":"https:\/\/poderesantelena.com\/de\/wp-json\/wp\/v2\/pages\/2198","targetHints":{"allow":["GET"]}}],"collection":[{"href":"https:\/\/poderesantelena.com\/de\/wp-json\/wp\/v2\/pages"}],"about":[{"href":"https:\/\/poderesantelena.com\/de\/wp-json\/wp\/v2\/types\/page"}],"author":[{"embeddable":true,"href":"https:\/\/poderesantelena.com\/de\/wp-json\/wp\/v2\/users\/1"}],"replies":[{"embeddable":true,"href":"https:\/\/poderesantelena.com\/de\/wp-json\/wp\/v2\/comments?post=2198"}],"version-history":[{"count":7,"href":"https:\/\/poderesantelena.com\/de\/wp-json\/wp\/v2\/pages\/2198\/revisions"}],"predecessor-version":[{"id":2406,"href":"https:\/\/poderesantelena.com\/de\/wp-json\/wp\/v2\/pages\/2198\/revisions\/2406"}],"wp:featuredmedia":[{"embeddable":true,"href":"https:\/\/poderesantelena.com\/de\/wp-json\/wp\/v2\/media\/1945"}],"wp:attachment":[{"href":"https:\/\/poderesantelena.com\/de\/wp-json\/wp\/v2\/media?parent=2198"}],"wp:term":[{"taxonomy":"post_tag","embeddable":true,"href":"https:\/\/poderesantelena.com\/de\/wp-json\/wp\/v2\/tags?post=2198"}],"curies":[{"name":"wp","href":"https:\/\/api.w.org\/{rel}","templated":true}]}}