{"id":2196,"date":"2022-08-24T15:38:35","date_gmt":"2022-08-24T15:38:35","guid":{"rendered":"https:\/\/poderesantelena.com\/room\/"},"modified":"2026-03-03T15:43:14","modified_gmt":"2026-03-03T15:43:14","slug":"zimmer","status":"publish","type":"page","link":"https:\/\/poderesantelena.com\/de\/zimmer\/","title":{"rendered":"Zimmer"},"content":{"rendered":"\t\t<div data-elementor-type=\"wp-page\" data-elementor-id=\"2196\" class=\"elementor elementor-2196 elementor-151\" data-elementor-settings=\"[]\">\n\t\t\t\t\t\t\t<div class=\"elementor-section-wrap\">\n\t\t\t\t\t\t\t<section class=\"elementor-section elementor-top-section elementor-element elementor-element-f52c305 elementor-section-height-min-height elementor-section-boxed elementor-section-height-default elementor-section-items-middle\" data-id=\"f52c305\" data-element_type=\"section\" data-settings=\"{&quot;background_background&quot;:&quot;classic&quot;}\">\n\t\t\t\t\t\t\t<div class=\"elementor-background-overlay\"><\/div>\n\t\t\t\t\t\t\t<div class=\"elementor-container elementor-column-gap-default\">\n\t\t\t\t\t<div class=\"elementor-column elementor-col-100 elementor-top-column elementor-element elementor-element-e346b0f\" data-id=\"e346b0f\" data-element_type=\"column\">\n\t\t\t<div class=\"elementor-widget-wrap elementor-element-populated\">\n\t\t\t\t\t\t\t\t<div class=\"elementor-element elementor-element-c5ebc32 elementor-widget elementor-widget-heading\" data-id=\"c5ebc32\" data-element_type=\"widget\" data-widget_type=\"heading.default\">\n\t\t\t\t<div class=\"elementor-widget-container\">\n\t\t\t<style>\/*! elementor - v3.5.5 - 03-02-2022 *\/\n.elementor-heading-title{padding:0;margin:0;line-height:1}.elementor-widget-heading .elementor-heading-title[class*=elementor-size-]>a{color:inherit;font-size:inherit;line-height:inherit}.elementor-widget-heading .elementor-heading-title.elementor-size-small{font-size:15px}.elementor-widget-heading .elementor-heading-title.elementor-size-medium{font-size:19px}.elementor-widget-heading .elementor-heading-title.elementor-size-large{font-size:29px}.elementor-widget-heading .elementor-heading-title.elementor-size-xl{font-size:39px}.elementor-widget-heading .elementor-heading-title.elementor-size-xxl{font-size:59px}<\/style><h2 class=\"elementor-heading-title elementor-size-default\">Zimmer<\/h2>\t\t<\/div>\n\t\t\t\t<\/div>\n\t\t\t\t\t<\/div>\n\t\t<\/div>\n\t\t\t\t\t\t\t<\/div>\n\t\t<\/section>\n\t\t\t\t<section class=\"elementor-section elementor-top-section elementor-element elementor-element-b39a5d7 elementor-section-boxed elementor-section-height-default elementor-section-height-default\" data-id=\"b39a5d7\" data-element_type=\"section\" data-settings=\"{&quot;background_background&quot;:&quot;classic&quot;}\">\n\t\t\t\t\t\t<div class=\"elementor-container elementor-column-gap-default\">\n\t\t\t\t\t<div class=\"elementor-column elementor-col-100 elementor-top-column elementor-element elementor-element-f9adfda\" data-id=\"f9adfda\" data-element_type=\"column\">\n\t\t\t<div class=\"elementor-widget-wrap elementor-element-populated\">\n\t\t\t\t\t\t\t\t<div class=\"elementor-element elementor-element-8ca37ab elementor-widget elementor-widget-heading\" data-id=\"8ca37ab\" data-element_type=\"widget\" data-widget_type=\"heading.default\">\n\t\t\t\t<div class=\"elementor-widget-container\">\n\t\t\t<h2 class=\"elementor-heading-title elementor-size-default\">Lassen Sie sich von der gem\u00fctlichen Atmosph\u00e4re unserer Schlafzimmer verzaubern<\/h2>\t\t<\/div>\n\t\t\t\t<\/div>\n\t\t\t\t<div class=\"elementor-element elementor-element-dbf9d66 elementor-widget elementor-widget-text-editor\" data-id=\"dbf9d66\" data-element_type=\"widget\" data-widget_type=\"text-editor.default\">\n\t\t\t\t<div class=\"elementor-widget-container\">\n\t\t\t<style>\/*! elementor - v3.5.5 - 03-02-2022 *\/\n.elementor-widget-text-editor.elementor-drop-cap-view-stacked .elementor-drop-cap{background-color:#818a91;color:#fff}.elementor-widget-text-editor.elementor-drop-cap-view-framed .elementor-drop-cap{color:#818a91;border:3px solid;background-color:transparent}.elementor-widget-text-editor:not(.elementor-drop-cap-view-default) .elementor-drop-cap{margin-top:8px}.elementor-widget-text-editor:not(.elementor-drop-cap-view-default) .elementor-drop-cap-letter{width:1em;height:1em}.elementor-widget-text-editor .elementor-drop-cap{float:left;text-align:center;line-height:1;font-size:50px}.elementor-widget-text-editor .elementor-drop-cap-letter{display:inline-block}<\/style>\t\t\t\t<p>In ruhiger Lage mitten im Chiantigebiet haben unsere 7 Zimmer den Charme antiker toskanischer Bauernh\u00e4user.<\/p><p>Fr\u00fcher als Wohngeb\u00e4ude, Getreidespeicher, Heuschober und Stall der kleinen Burg \u201eSantElena\u201c genutzt, wurden sie nach toskanischer Tradition restauriert. Der Ton-Fliesenboden, die Balkendecke die schmiedeeisernen, h\u00f6lzernen und steinernen Detailles, erinnern an vergangenen Zeiten und bieten privacy, relax und confort.<\/p><p>Alle Zimmer haben Bad, Haartrockner, Safe, Minibar,Sat-tv,Klimatisierung und Wi.fi gratis zur Verf\u00fcgung. Wir bieten Ihnen auch einen Privatparkplatz. Dank der intimen Atmosph\u00e4re und dem herrlichen Blick werden Sie sich entspannen und einen unvergesslichen Urlaub verbringen.<br \/><br \/><strong>Haustiere: Auf dem Gel\u00e4nde sind nur Hunde erlaubt.<\/strong><\/p>\t\t\t\t\t\t<\/div>\n\t\t\t\t<\/div>\n\t\t\t\t\t<\/div>\n\t\t<\/div>\n\t\t\t\t\t\t\t<\/div>\n\t\t<\/section>\n\t\t\t\t<section class=\"elementor-section elementor-top-section elementor-element elementor-element-485a264 elementor-section-boxed elementor-section-height-default elementor-section-height-default\" data-id=\"485a264\" data-element_type=\"section\" data-settings=\"{&quot;background_background&quot;:&quot;classic&quot;}\">\n\t\t\t\t\t\t<div class=\"elementor-container elementor-column-gap-default\">\n\t\t\t\t\t<div class=\"elementor-column elementor-col-100 elementor-top-column elementor-element elementor-element-b614954\" data-id=\"b614954\" data-element_type=\"column\">\n\t\t\t<div class=\"elementor-widget-wrap elementor-element-populated\">\n\t\t\t\t\t\t\t\t<div class=\"elementor-element elementor-element-3407cc9 elementor-grid-3 elementor-grid-tablet-2 elementor-grid-mobile-1 elementor-posts--thumbnail-top elementor-card-shadow-yes elementor-posts__hover-gradient elementor-widget elementor-widget-posts\" data-id=\"3407cc9\" data-element_type=\"widget\" data-settings=\"{&quot;cards_columns&quot;:&quot;3&quot;,&quot;cards_columns_tablet&quot;:&quot;2&quot;,&quot;cards_columns_mobile&quot;:&quot;1&quot;,&quot;cards_row_gap&quot;:{&quot;unit&quot;:&quot;px&quot;,&quot;size&quot;:35,&quot;sizes&quot;:[]},&quot;cards_row_gap_tablet&quot;:{&quot;unit&quot;:&quot;px&quot;,&quot;size&quot;:&quot;&quot;,&quot;sizes&quot;:[]},&quot;cards_row_gap_mobile&quot;:{&quot;unit&quot;:&quot;px&quot;,&quot;size&quot;:&quot;&quot;,&quot;sizes&quot;:[]}}\" data-widget_type=\"posts.cards\">\n\t\t\t\t<div class=\"elementor-widget-container\">\n\t\t\t<link rel=\"stylesheet\" href=\"https:\/\/poderesantelena.com\/wp-content\/plugins\/elementor-pro\/assets\/css\/widget-posts.min.css\">\t\t<div class=\"elementor-posts-container elementor-posts elementor-posts--skin-cards elementor-grid\">\n\t\t\t\t<article class=\"elementor-post elementor-grid-item post-2216 rooms type-rooms status-publish has-post-thumbnail hentry\">\n\t\t\t<div class=\"elementor-post__card\">\n\t\t\t\t<a class=\"elementor-post__thumbnail__link\" href=\"https:\/\/poderesantelena.com\/de\/rooms\/zimmer-mit-blick\/\" ><div class=\"elementor-post__thumbnail\"><img decoding=\"async\" width=\"768\" height=\"512\" src=\"https:\/\/poderesantelena.com\/wp-content\/uploads\/2022\/11\/Superior--768x512.jpg\" class=\"attachment-medium_large size-medium_large\" alt=\"\" srcset=\"https:\/\/poderesantelena.com\/wp-content\/uploads\/2022\/11\/Superior--768x512.jpg 768w, https:\/\/poderesantelena.com\/wp-content\/uploads\/2022\/11\/Superior--300x200.jpg 300w, https:\/\/poderesantelena.com\/wp-content\/uploads\/2022\/11\/Superior--1024x683.jpg 1024w, https:\/\/poderesantelena.com\/wp-content\/uploads\/2022\/11\/Superior--1536x1024.jpg 1536w, https:\/\/poderesantelena.com\/wp-content\/uploads\/2022\/11\/Superior--2048x1366.jpg 2048w\" sizes=\"(max-width: 768px) 100vw, 768px\" \/><\/div><\/a>\n\t\t\t\t<div class=\"elementor-post__text\">\n\t\t\t\t<h3 class=\"elementor-post__title\">\n\t\t\t<a href=\"https:\/\/poderesantelena.com\/de\/rooms\/zimmer-mit-blick\/\" >\n\t\t\t\tZimmer mit Blick\t\t\t<\/a>\n\t\t<\/h3>\n\t\t\t\t<div class=\"elementor-post__excerpt\">\n\t\t\t<p>Wenn Sie einen atemberaubenden Blick auf die Landschaft von San Gimignano suchen, sind diese Zimmer perfekt f\u00fcr Sie. Hell und ger\u00e4umig blicken sie auf die wundersch\u00f6nen H\u00fcgel der Stadt, die nur drei Kilometer entfernt ist.<\/p>\n\t\t<\/div>\n\t\t\t\t<\/div>\n\t\t\t\t\t<\/div>\n\t\t<\/article>\n\t\t\t\t<article class=\"elementor-post elementor-grid-item post-2214 rooms type-rooms status-publish has-post-thumbnail hentry\">\n\t\t\t<div class=\"elementor-post__card\">\n\t\t\t\t<a class=\"elementor-post__thumbnail__link\" href=\"https:\/\/poderesantelena.com\/de\/rooms\/standard-zimmer\/\" ><div class=\"elementor-post__thumbnail\"><img decoding=\"async\" width=\"768\" height=\"512\" src=\"https:\/\/poderesantelena.com\/wp-content\/uploads\/2022\/11\/Standard7-768x512.jpg\" class=\"attachment-medium_large size-medium_large\" alt=\"\" srcset=\"https:\/\/poderesantelena.com\/wp-content\/uploads\/2022\/11\/Standard7-768x512.jpg 768w, https:\/\/poderesantelena.com\/wp-content\/uploads\/2022\/11\/Standard7-300x200.jpg 300w, https:\/\/poderesantelena.com\/wp-content\/uploads\/2022\/11\/Standard7-1024x683.jpg 1024w, https:\/\/poderesantelena.com\/wp-content\/uploads\/2022\/11\/Standard7-1536x1024.jpg 1536w, https:\/\/poderesantelena.com\/wp-content\/uploads\/2022\/11\/Standard7-2048x1366.jpg 2048w\" sizes=\"(max-width: 768px) 100vw, 768px\" \/><\/div><\/a>\n\t\t\t\t<div class=\"elementor-post__text\">\n\t\t\t\t<h3 class=\"elementor-post__title\">\n\t\t\t<a href=\"https:\/\/poderesantelena.com\/de\/rooms\/standard-zimmer\/\" >\n\t\t\t\tStandard Zimmer\t\t\t<\/a>\n\t\t<\/h3>\n\t\t\t\t<div class=\"elementor-post__excerpt\">\n\t\t\t<p>Standard-Zimmer ab \u20ac 90,00 Helle und ger\u00e4umige, unsere Doppelzimmer mit Blick auf den Garten oder auf das Schwimmbad k\u00f6nnen bis zu 3 Personen aufnehmen (Zusatzbett f\u00fcr eine Person).<\/p>\n\t\t<\/div>\n\t\t\t\t<\/div>\n\t\t\t\t\t<\/div>\n\t\t<\/article>\n\t\t\t\t<article class=\"elementor-post elementor-grid-item post-2218 rooms type-rooms status-publish has-post-thumbnail hentry\">\n\t\t\t<div class=\"elementor-post__card\">\n\t\t\t\t<a class=\"elementor-post__thumbnail__link\" href=\"https:\/\/poderesantelena.com\/de\/rooms\/appartement\/\" ><div class=\"elementor-post__thumbnail\"><img decoding=\"async\" width=\"768\" height=\"512\" src=\"https:\/\/poderesantelena.com\/wp-content\/uploads\/2022\/11\/Copia-di-Suite-768x512.jpg\" class=\"attachment-medium_large size-medium_large\" alt=\"\" srcset=\"https:\/\/poderesantelena.com\/wp-content\/uploads\/2022\/11\/Copia-di-Suite-768x512.jpg 768w, https:\/\/poderesantelena.com\/wp-content\/uploads\/2022\/11\/Copia-di-Suite-300x200.jpg 300w, https:\/\/poderesantelena.com\/wp-content\/uploads\/2022\/11\/Copia-di-Suite-1024x683.jpg 1024w, https:\/\/poderesantelena.com\/wp-content\/uploads\/2022\/11\/Copia-di-Suite-1536x1024.jpg 1536w, https:\/\/poderesantelena.com\/wp-content\/uploads\/2022\/11\/Copia-di-Suite-2048x1366.jpg 2048w\" sizes=\"(max-width: 768px) 100vw, 768px\" \/><\/div><\/a>\n\t\t\t\t<div class=\"elementor-post__text\">\n\t\t\t\t<h3 class=\"elementor-post__title\">\n\t\t\t<a href=\"https:\/\/poderesantelena.com\/de\/rooms\/appartement\/\" >\n\t\t\t\tSuite\t\t\t<\/a>\n\t\t<\/h3>\n\t\t\t\t<div class=\"elementor-post__excerpt\">\n\t\t\t<p>Die Suite des Podere Sant&#8217;Elena bietet einen wundersch\u00f6nen Blick auf die toskanischen H\u00fcgel und die bezaubernde mittelalterliche Stadt San Gimignano.<\/p>\n\t\t<\/div>\n\t\t\t\t<\/div>\n\t\t\t\t\t<\/div>\n\t\t<\/article>\n\t\t\t\t<\/div>\n\n\n\t\t\n\t\t\t\t<\/div>\n\t\t\t\t<\/div>\n\t\t\t\t\t<\/div>\n\t\t<\/div>\n\t\t\t\t\t\t\t<\/div>\n\t\t<\/section>\n\t\t\t\t\t\t<\/div>\n\t\t\t\t\t<\/div>\n\t\t","protected":false},"excerpt":{"rendered":"<p>Die Charme der Tradition und der moderne Komfort unserer Zimmer in toskanischem Stil werden Sie bezaubern.Wi-Fi kostenlos zur Verf\u00fcgung.<\/p>\n","protected":false},"author":1,"featured_media":1941,"parent":0,"menu_order":7,"comment_status":"closed","ping_status":"closed","template":"","meta":{"footnotes":""},"tags":[41],"class_list":["post-2196","page","type-page","status-publish","has-post-thumbnail","hentry","tag-home-de"],"_links":{"self":[{"href":"https:\/\/poderesantelena.com\/de\/wp-json\/wp\/v2\/pages\/2196","targetHints":{"allow":["GET"]}}],"collection":[{"href":"https:\/\/poderesantelena.com\/de\/wp-json\/wp\/v2\/pages"}],"about":[{"href":"https:\/\/poderesantelena.com\/de\/wp-json\/wp\/v2\/types\/page"}],"author":[{"embeddable":true,"href":"https:\/\/poderesantelena.com\/de\/wp-json\/wp\/v2\/users\/1"}],"replies":[{"embeddable":true,"href":"https:\/\/poderesantelena.com\/de\/wp-json\/wp\/v2\/comments?post=2196"}],"version-history":[{"count":14,"href":"https:\/\/poderesantelena.com\/de\/wp-json\/wp\/v2\/pages\/2196\/revisions"}],"predecessor-version":[{"id":2912,"href":"https:\/\/poderesantelena.com\/de\/wp-json\/wp\/v2\/pages\/2196\/revisions\/2912"}],"wp:featuredmedia":[{"embeddable":true,"href":"https:\/\/poderesantelena.com\/de\/wp-json\/wp\/v2\/media\/1941"}],"wp:attachment":[{"href":"https:\/\/poderesantelena.com\/de\/wp-json\/wp\/v2\/media?parent=2196"}],"wp:term":[{"taxonomy":"post_tag","embeddable":true,"href":"https:\/\/poderesantelena.com\/de\/wp-json\/wp\/v2\/tags?post=2196"}],"curies":[{"name":"wp","href":"https:\/\/api.w.org\/{rel}","templated":true}]}}